{"id":360,"date":"2025-01-29T22:08:47","date_gmt":"2025-01-29T22:08:47","guid":{"rendered":"https:\/\/edilmaangel.com\/?page_id=360"},"modified":"2025-04-02T15:27:42","modified_gmt":"2025-04-02T15:27:42","slug":"uncover-the-wonders","status":"publish","type":"page","link":"https:\/\/edilmaangel.com\/?page_id=360","title":{"rendered":"Uncover the Wonders!"},"content":{"rendered":"<p>[et_pb_section fb_built=&#8221;1&#8243; _builder_version=&#8221;4.27.4&#8243; _module_preset=&#8221;default&#8221; global_colors_info=&#8221;{}&#8221;][et_pb_row _builder_version=&#8221;4.27.4&#8243; _module_preset=&#8221;default&#8221; global_colors_info=&#8221;{}&#8221;][et_pb_column type=&#8221;4_4&#8243; _builder_version=&#8221;4.27.4&#8243; _module_preset=&#8221;default&#8221; global_colors_info=&#8221;{}&#8221;][et_pb_text _builder_version=&#8221;4.27.4&#8243; _module_preset=&#8221;default&#8221; global_colors_info=&#8221;{}&#8221;]<\/p>\n<p><strong>Are you in need of help?<\/strong><\/p>\n<p>[\/et_pb_text][\/et_pb_column][\/et_pb_row][et_pb_row column_structure=&#8221;1_2,1_2&#8243; _builder_version=&#8221;4.27.4&#8243; _module_preset=&#8221;default&#8221; global_colors_info=&#8221;{}&#8221;][et_pb_column type=&#8221;1_2&#8243; _builder_version=&#8221;4.27.4&#8243; _module_preset=&#8221;default&#8221; global_colors_info=&#8221;{}&#8221;][et_pb_text _builder_version=&#8221;4.27.4&#8243; _module_preset=&#8221;default&#8221; custom_padding=&#8221;||9px|||&#8221; global_colors_info=&#8221;{}&#8221;]<\/p>\n<p style=\"text-align: justify;\">Self-help and personal growth seminars or, if you prefer, I can offer you a one-on-one meeting, just you and me, where I will listen to you and then share ideas that will help you create a clear path in your own journey of personal development and empowerment.<\/p>\n<p>[\/et_pb_text][\/et_pb_column][et_pb_column type=&#8221;1_2&#8243; _builder_version=&#8221;4.27.4&#8243; _module_preset=&#8221;default&#8221; global_colors_info=&#8221;{}&#8221;][et_pb_text _builder_version=&#8221;4.27.4&#8243; _module_preset=&#8221;default&#8221; global_colors_info=&#8221;{}&#8221;]<\/p>\n<p style=\"text-align: justify;\">Seminarios de autoayuda y crecimiento personal o, si lo prefieres, puedo ofrecerte una reuni\u00f3n directa, s\u00f3lo t\u00fa y yo, donde te escuchar\u00e9 y luego te compartir\u00e9 ideas que le ayudar\u00e1n a crear un camino claro en\u00a0 tu propio viaje de desarrollo personal y empoderamiento.<\/p>\n<p>[\/et_pb_text][\/et_pb_column][\/et_pb_row][et_pb_row _builder_version=&#8221;4.27.4&#8243; _module_preset=&#8221;default&#8221; global_colors_info=&#8221;{}&#8221;][et_pb_column type=&#8221;4_4&#8243; _builder_version=&#8221;4.27.4&#8243; _module_preset=&#8221;default&#8221; global_colors_info=&#8221;{}&#8221;][et_pb_code _builder_version=&#8221;4.27.4&#8243; _module_preset=&#8221;default&#8221; global_colors_info=&#8221;{}&#8221; global_module=&#8221;750&#8243; saved_tabs=&#8221;all&#8221;]<script src=\"https:\/\/www.paypal.com\/sdk\/js?client-id=BAAV3OMscVFVk5cAJ7t63bdUVtd3PWE5dp3KELKX5iUTB-UL5b6wQXmVez5M2B0kRy6A_E47WM4301jnFo&#038;components=hosted-buttons&#038;enable-funding=venmo&#038;currency=USD\"><\/script><!-- [et_pb_line_break_holder] --><\/p>\n<div id=\"paypal-container-X6C5MFSYVEMQL\"><\/div>\n<p><!-- [et_pb_line_break_holder] --><script><!-- [et_pb_line_break_holder] -->  paypal.HostedButtons({<!-- [et_pb_line_break_holder] -->    hostedButtonId: \"X6C5MFSYVEMQL\",<!-- [et_pb_line_break_holder] -->  }).render(\"#paypal-container-X6C5MFSYVEMQL\")<!-- [et_pb_line_break_holder] --><\/script><!-- [et_pb_line_break_holder] -->[\/et_pb_code][\/et_pb_column][\/et_pb_row][\/et_pb_section]<\/p>\n","protected":false},"excerpt":{"rendered":"<p>Are you in need of help?Self-help and personal growth seminars or, if you prefer, I can offer you a one-on-one meeting, just you and me, where I will listen to you and then share ideas that will help you create a clear path in your own journey of personal development and empowerment.Seminarios de autoayuda y [&hellip;]<\/p>\n","protected":false},"author":1,"featured_media":0,"parent":0,"menu_order":0,"comment_status":"closed","ping_status":"closed","template":"","meta":{"_et_pb_use_builder":"on","_et_pb_old_content":"","_et_gb_content_width":"","footnotes":""},"class_list":["post-360","page","type-page","status-publish","hentry"],"_links":{"self":[{"href":"https:\/\/edilmaangel.com\/index.php?rest_route=\/wp\/v2\/pages\/360","targetHints":{"allow":["GET"]}}],"collection":[{"href":"https:\/\/edilmaangel.com\/index.php?rest_route=\/wp\/v2\/pages"}],"about":[{"href":"https:\/\/edilmaangel.com\/index.php?rest_route=\/wp\/v2\/types\/page"}],"author":[{"embeddable":true,"href":"https:\/\/edilmaangel.com\/index.php?rest_route=\/wp\/v2\/users\/1"}],"replies":[{"embeddable":true,"href":"https:\/\/edilmaangel.com\/index.php?rest_route=%2Fwp%2Fv2%2Fcomments&post=360"}],"version-history":[{"count":16,"href":"https:\/\/edilmaangel.com\/index.php?rest_route=\/wp\/v2\/pages\/360\/revisions"}],"predecessor-version":[{"id":751,"href":"https:\/\/edilmaangel.com\/index.php?rest_route=\/wp\/v2\/pages\/360\/revisions\/751"}],"wp:attachment":[{"href":"https:\/\/edilmaangel.com\/index.php?rest_route=%2Fwp%2Fv2%2Fmedia&parent=360"}],"curies":[{"name":"wp","href":"https:\/\/api.w.org\/{rel}","templated":true}]}}