{"id":212,"date":"2025-01-23T05:11:47","date_gmt":"2025-01-23T05:11:47","guid":{"rendered":"https:\/\/edilmaangel.com\/?page_id=212"},"modified":"2025-02-27T03:55:08","modified_gmt":"2025-02-27T03:55:08","slug":"about-me","status":"publish","type":"page","link":"https:\/\/edilmaangel.com\/?page_id=212","title":{"rendered":"About Me"},"content":{"rendered":"<p>[et_pb_section fb_built=&#8221;1&#8243; _builder_version=&#8221;4.27.4&#8243; _module_preset=&#8221;default&#8221; global_colors_info=&#8221;{}&#8221;][et_pb_row _builder_version=&#8221;4.27.4&#8243; _module_preset=&#8221;default&#8221; custom_padding=&#8221;|||251px||&#8221; global_colors_info=&#8221;{}&#8221;][et_pb_column type=&#8221;4_4&#8243; _builder_version=&#8221;4.27.4&#8243; _module_preset=&#8221;default&#8221; global_colors_info=&#8221;{}&#8221;][et_pb_image src=&#8221;https:\/\/edilmaangel.com\/wp-content\/uploads\/2025\/01\/Edilma-Angel-.png&#8221; title_text=&#8221;Edilma Angel&#8221; _builder_version=&#8221;4.27.4&#8243; _module_preset=&#8221;default&#8221; custom_padding=&#8221;|690px||||&#8221; global_colors_info=&#8221;{}&#8221;][\/et_pb_image][et_pb_text _builder_version=&#8221;4.27.4&#8243; _module_preset=&#8221;default&#8221; global_colors_info=&#8221;{}&#8221;]<\/p>\n<p style=\"text-align: left;\"><strong>Welcome to Edilma Angel\u2019s World!<\/strong><\/p>\n<p>[\/et_pb_text][\/et_pb_column][\/et_pb_row][et_pb_row column_structure=&#8221;1_2,1_2&#8243; _builder_version=&#8221;4.27.4&#8243; _module_preset=&#8221;default&#8221; global_colors_info=&#8221;{}&#8221;][et_pb_column type=&#8221;1_2&#8243; _builder_version=&#8221;4.27.4&#8243; _module_preset=&#8221;default&#8221; global_colors_info=&#8221;{}&#8221;][et_pb_text _builder_version=&#8221;4.27.4&#8243; _module_preset=&#8221;default&#8221; global_colors_info=&#8221;{}&#8221;]<\/p>\n<p>\u00a0Thank you for visiting my website, <a href=\"http:\/\/edilmaangel.com\/\">edilmaangel.com<\/a>.<\/p>\n<p style=\"text-align: justify;\">My name is Edilma Angel, and I am delighted to have the opportunity to share my experiences of life in this fascinating journey with happiness and love.<\/p>\n<p style=\"text-align: justify;\">As a \u201cwriter\u201d, I have always been captivated by the power of words to inspire, inform, and transform lives. Through my writing, I strive to weave stories that resonate with readers, providing both entertainment and insight. Whether crafting compelling narratives or exploring thought-provoking themes, I seek to touch hearts and open minds.<\/p>\n<p style=\"text-align: justify;\">In addition to my writing endeavors, I am an entrepreneur at heart. Driven by creativity and innovation, I have ventured into various projects that challenge the norms and create new opportunities. My entrepreneurial spirit fuels my desire to learn, grow, and make a positive impact in the business world and beyond.<\/p>\n<p style=\"text-align: justify;\">Beyond my professional pursuits, I am deeply passionate about helping others unlock their potential. As a coach, I am dedicated to guiding individuals on their personal and professional journeys. My approach is rooted in empathy, encouragement, and empowerment, aiming to support you in achieving your goals and realizing your true capabilities.<\/p>\n<p style=\"text-align: justify;\">This website is a reflection of my multifaceted life, where I merge my talents and passions to make a difference. Here, you will find a collection of my latest writings, insights into my entrepreneurial ventures, and resources for personal growth and coaching services.<\/p>\n<p style=\"text-align: justify;\">Thank you for being here and for allowing me to be part of your journey. Together, let&#8217;s embark on a path of exploration, inspiration, and transformation.<\/p>\n<p>Warm regards,<\/p>\n<p>Edilma Angel<\/p>\n<p>[\/et_pb_text][\/et_pb_column][et_pb_column type=&#8221;1_2&#8243; _builder_version=&#8221;4.27.4&#8243; _module_preset=&#8221;default&#8221; global_colors_info=&#8221;{}&#8221;][et_pb_text _builder_version=&#8221;4.27.4&#8243; _module_preset=&#8221;default&#8221; hover_enabled=&#8221;0&#8243; global_colors_info=&#8221;{}&#8221; text_text_color=&#8221;#2a0cd1&#8243; sticky_enabled=&#8221;0&#8243;]<\/p>\n<p>Gracias por visitar mi sitio web, <a href=\"http:\/\/edilmaangel.com\/\">edilmaangel.com<\/a>.<\/p>\n<p style=\"text-align: justify;\">Mi nombre es Edilma Angel, y estoy complacida de tener la oportunidad de compartir mis experiencias de vida en este fascinante viaje, que compartir\u00e9 contigo con mucha alegr\u00eda y amor.<\/p>\n<p style=\"text-align: justify;\">Como &#8220;escritora&#8221;, siempre me ha cautivado el poder de las palabras para inspirar, informar y transformar vidas. A trav\u00e9s de mis escritos, me esfuerzo por tejer historias que resuenen con los lectores, proporcionando entretenimiento y una perspectiva de vida. Ya sea elaborando narrativas convincentes o explorando temas que inviten a la reflexi\u00f3n, busco tocar corazones y la apertura de la mente de los lectores.<\/p>\n<p style=\"text-align: justify;\">Adem\u00e1s, soy creadora y emprendedora. Impulsada por la creatividad y la innovaci\u00f3n, me he aventurado en proyectos que desaf\u00edan las normas y crean nuevas oportunidades. Mi esp\u00edritu emprendedor alimenta mi deseo de aprender, crecer y tener un impacto positivo en el mundo de los negocios y de mi vida personal y tambi\u00e9n para aquellos que deseen tener cambios positivos en sus destinos.<\/p>\n<p style=\"text-align: justify;\">M\u00e1s all\u00e1 de mis actividades profesionales, me apasiona profundamente ayudar a otros a liberar su potencial. Como Coaching, mi asesoramiento es personalizado, me gusta guiar a las personas en sus viajes personales y profesionales. Mi enfoque se basa en la empat\u00eda, el est\u00edmulo y el empoderamiento, con el objetivo de apoyarlos para que logren sus objetivos y exploren sus verdaderas capacidades.<\/p>\n<p style=\"text-align: justify;\">Este sitio web es un reflejo de mi vida multifac\u00e9tica, donde fusiono mis talentos y entusiamos para marcar una diferencia. Aqu\u00ed encontrar\u00e1s una colecci\u00f3n de mis \u00faltimos escritos, ideas sobre mis emprendimientos y recursos para el crecimiento personal y servicios de\u00a0 asesoramiento.<\/p>\n<p style=\"text-align: justify;\">Gracias por estar aqu\u00ed y por permitirme ser parte de tu propio viaje. Juntos, emprendamos un camino de exploraci\u00f3n, inspiraci\u00f3n y transformaci\u00f3n.<\/p>\n<p>Saludos cordiales,<\/p>\n<p style=\"text-align: justify;\">Edilma \u00c1ngel<\/p>\n<p>[\/et_pb_text][\/et_pb_column][\/et_pb_row][\/et_pb_section]<\/p>\n","protected":false},"excerpt":{"rendered":"<p>Welcome to Edilma Angel\u2019s World!\u00a0Thank you for visiting my website, edilmaangel.com. My name is Edilma Angel, and I am delighted to have the opportunity to share my experiences of life in this fascinating journey with happiness and love. As a \u201cwriter\u201d, I have always been captivated by the power of words to inspire, inform, and [&hellip;]<\/p>\n","protected":false},"author":1,"featured_media":0,"parent":0,"menu_order":0,"comment_status":"closed","ping_status":"closed","template":"","meta":{"_et_pb_use_builder":"on","_et_pb_old_content":"","_et_gb_content_width":"","footnotes":""},"class_list":["post-212","page","type-page","status-publish","hentry"],"_links":{"self":[{"href":"https:\/\/edilmaangel.com\/index.php?rest_route=\/wp\/v2\/pages\/212","targetHints":{"allow":["GET"]}}],"collection":[{"href":"https:\/\/edilmaangel.com\/index.php?rest_route=\/wp\/v2\/pages"}],"about":[{"href":"https:\/\/edilmaangel.com\/index.php?rest_route=\/wp\/v2\/types\/page"}],"author":[{"embeddable":true,"href":"https:\/\/edilmaangel.com\/index.php?rest_route=\/wp\/v2\/users\/1"}],"replies":[{"embeddable":true,"href":"https:\/\/edilmaangel.com\/index.php?rest_route=%2Fwp%2Fv2%2Fcomments&post=212"}],"version-history":[{"count":16,"href":"https:\/\/edilmaangel.com\/index.php?rest_route=\/wp\/v2\/pages\/212\/revisions"}],"predecessor-version":[{"id":723,"href":"https:\/\/edilmaangel.com\/index.php?rest_route=\/wp\/v2\/pages\/212\/revisions\/723"}],"wp:attachment":[{"href":"https:\/\/edilmaangel.com\/index.php?rest_route=%2Fwp%2Fv2%2Fmedia&parent=212"}],"curies":[{"name":"wp","href":"https:\/\/api.w.org\/{rel}","templated":true}]}}