{"id":198,"date":"2025-01-23T04:54:11","date_gmt":"2025-01-23T04:54:11","guid":{"rendered":"https:\/\/edilmaangel.com\/?page_id=198"},"modified":"2025-02-27T03:59:14","modified_gmt":"2025-02-27T03:59:14","slug":"198-2","status":"publish","type":"page","link":"https:\/\/edilmaangel.com\/?page_id=198","title":{"rendered":"Capturing Moments!"},"content":{"rendered":"<p>[et_pb_section fb_built=&#8221;1&#8243; _builder_version=&#8221;4.27.4&#8243; _module_preset=&#8221;default&#8221; global_colors_info=&#8221;{}&#8221;][et_pb_row _builder_version=&#8221;4.27.4&#8243; _module_preset=&#8221;default&#8221; global_colors_info=&#8221;{}&#8221;][et_pb_column type=&#8221;4_4&#8243; _builder_version=&#8221;4.27.4&#8243; _module_preset=&#8221;default&#8221; global_colors_info=&#8221;{}&#8221;][et_pb_gallery gallery_ids=&#8221;623,689,64,631,687,624,629,633,635,637,638,636,692&#8243; _builder_version=&#8221;4.27.4&#8243; _module_preset=&#8221;default&#8221; title_text_color=&#8221;#828282&#8243; title_font_size=&#8221;11px&#8221; text_orientation=&#8221;center&#8221; width=&#8221;99%&#8221; max_width=&#8221;100%&#8221; module_alignment=&#8221;center&#8221; min_height=&#8221;1000px&#8221; height=&#8221;1000px&#8221; ab_subject=&#8221;on&#8221; ab_subject_id=&#8221;1&#8243; global_colors_info=&#8221;{}&#8221;][\/et_pb_gallery][\/et_pb_column][\/et_pb_row][et_pb_row column_structure=&#8221;1_2,1_2&#8243; _builder_version=&#8221;4.27.4&#8243; _module_preset=&#8221;default&#8221; global_colors_info=&#8221;{}&#8221;][et_pb_column type=&#8221;1_2&#8243; _builder_version=&#8221;4.27.4&#8243; _module_preset=&#8221;default&#8221; global_colors_info=&#8221;{}&#8221;][et_pb_text _builder_version=&#8221;4.27.4&#8243; _module_preset=&#8221;default&#8221; global_colors_info=&#8221;{}&#8221;]<\/p>\n<p><strong>Explore the Beauty of Nature Through My Lens!<\/strong><\/p>\n<p>[\/et_pb_text][\/et_pb_column][et_pb_column type=&#8221;1_2&#8243; _builder_version=&#8221;4.27.4&#8243; _module_preset=&#8221;default&#8221; global_colors_info=&#8221;{}&#8221;][et_pb_text _builder_version=&#8221;4.27.4&#8243; _module_preset=&#8221;default&#8221; global_colors_info=&#8221;{}&#8221;]<\/p>\n<p><strong>\u00a1Explora la belleza de la naturaleza a trav\u00e9s de mi lente!<\/strong><\/p>\n<p>[\/et_pb_text][\/et_pb_column][\/et_pb_row][et_pb_row column_structure=&#8221;1_2,1_2&#8243; _builder_version=&#8221;4.27.4&#8243; _module_preset=&#8221;default&#8221; global_colors_info=&#8221;{}&#8221;][et_pb_column type=&#8221;1_2&#8243; _builder_version=&#8221;4.27.4&#8243; _module_preset=&#8221;default&#8221; global_colors_info=&#8221;{}&#8221;][et_pb_text _builder_version=&#8221;4.27.4&#8243; _module_preset=&#8221;default&#8221; global_colors_info=&#8221;{}&#8221;]<\/p>\n<p style=\"text-align: justify;\"><strong>I&#8217;m excited to share my collection of stunning photographs featuring the breathtaking beauty of nature and the incredible places I\u2019ve had the privilege to visit. Through my photos, I aim to capture the essence of every moment, from vibrant landscapes and serene sunsets to rich wildlife and charming communities.<\/strong><\/p>\n<p style=\"text-align: justify;\"><strong>\ud83c\udf0d<\/strong><strong> Available for Purchase: If you find a photo that speaks to you, they&#8217;re available for purchase! Whether for personal enjoyment or as a unique gift, my images can bring a piece of nature into your home.<\/strong><\/p>\n<p>[\/et_pb_text][\/et_pb_column][et_pb_column type=&#8221;1_2&#8243; _builder_version=&#8221;4.27.4&#8243; _module_preset=&#8221;default&#8221; global_colors_info=&#8221;{}&#8221;][et_pb_text _builder_version=&#8221;4.27.4&#8243; _module_preset=&#8221;default&#8221; hover_enabled=&#8221;0&#8243; global_colors_info=&#8221;{}&#8221; text_text_color=&#8221;#1f0de0&#8243; sticky_enabled=&#8221;0&#8243;]<\/p>\n<p style=\"text-align: justify;\"><strong>\u00a0<\/strong><strong style=\"text-align: justify;\">Estoy muy feliz de compartir mi colecci\u00f3n de fotograf\u00edas que te muestran la impresionante belleza de la naturaleza y los incre\u00edbles lugares que he tenido el privilegio de visitar. Mi objetivo es capturar la esencia de cada momento, desde paisajes vibrantes y puestas de sol, la maravillosa vida silvestre y comunidades encantadoras.<\/strong><\/p>\n<p style=\"text-align: justify;\"><strong>\ud83c\udf0d<\/strong><strong> Estan disponibles para que las puedas comprar: Si encuentras una foto que te guste, para disfrutarla en una ampliaci\u00f3n, y traiga un pedazo de naturaleza a tu hogar.\u00a0 <\/strong><\/p>\n<p style=\"text-align: justify;\"><strong>Un regalo \u00fanico.<\/strong><\/p>\n<p style=\"text-align: justify;\"><strong><\/strong><\/p>\n<p style=\"text-align: justify;\"><strong><\/strong><\/p>\n<p>[\/et_pb_text][\/et_pb_column][\/et_pb_row][et_pb_row _builder_version=&#8221;4.27.4&#8243; _module_preset=&#8221;default&#8221; link_option_url=&#8221;<script src=%22https:\/\/www.paypal.com\/sdk\/js?client-id=BAAV3OMscVFVk5cAJ7t63bdUVtd3PWE5dp3KELKX5iUTB-UL5b6wQXmVez5M2B0kRy6A_E47WM4301jnFo&#038;components=hosted-buttons&#038;enable-funding=venmo&#038;currency=USD%22><\/script> <\/p>\n<div id=%22paypal-container-X6C5MFSYVEMQL%22><\/div>\n<p> <script>   paypal.HostedButtons({     hostedButtonId: %22X6C5MFSYVEMQL%22,   }).render(%22#paypal-container-X6C5MFSYVEMQL%22) <\/script>&#8221; global_colors_info=&#8221;{}&#8221;][et_pb_column type=&#8221;4_4&#8243; _builder_version=&#8221;4.27.4&#8243; _module_preset=&#8221;default&#8221; global_colors_info=&#8221;{}&#8221;][et_pb_code _builder_version=&#8221;4.27.4&#8243; _module_preset=&#8221;default&#8221; global_colors_info=&#8221;{}&#8221;]<script src=\"https:\/\/www.paypal.com\/sdk\/js?client-id=BAAV3OMscVFVk5cAJ7t63bdUVtd3PWE5dp3KELKX5iUTB-UL5b6wQXmVez5M2B0kRy6A_E47WM4301jnFo&#038;components=hosted-buttons&#038;enable-funding=venmo\u00a4cy=USD\"><\/script><!-- [et_pb_line_break_holder] --><\/p>\n<div id=\"paypal-container-X6C5MFSYVEMQL\"><\/div>\n<p><!-- [et_pb_line_break_holder] --><script><!-- [et_pb_line_break_holder] -->  paypal.HostedButtons({<!-- [et_pb_line_break_holder] -->    hostedButtonId: \"X6C5MFSYVEMQL\",<!-- [et_pb_line_break_holder] -->  }).render(\"#paypal-container-X6C5MFSYVEMQL\")<!-- [et_pb_line_break_holder] --><\/script>[\/et_pb_code][\/et_pb_column][\/et_pb_row][et_pb_row _builder_version=&#8221;4.27.4&#8243; _module_preset=&#8221;default&#8221; global_colors_info=&#8221;{}&#8221;][et_pb_column type=&#8221;4_4&#8243; _builder_version=&#8221;4.27.4&#8243; _module_preset=&#8221;default&#8221; global_colors_info=&#8221;{}&#8221;][et_pb_code _builder_version=&#8221;4.27.4&#8243; _module_preset=&#8221;default&#8221; global_colors_info=&#8221;{}&#8221;]<script src=\"https:\/\/www.paypal.com\/sdk\/js?client-id=BAAV3OMscVFVk5cAJ7t63bdUVtd3PWE5dp3KELKX5iUTB-UL5b6wQXmVez5M2B0kRy6A_E47WM4301jnFo&#038;components=hosted-buttons&#038;enable-funding=venmo&#038;currency=USD\"><\/script><!-- [et_pb_line_break_holder] --><\/p>\n<div id=\"paypal-container-X6C5MFSYVEMQL\"><\/div>\n<p><!-- [et_pb_line_break_holder] --><script><!-- [et_pb_line_break_holder] -->  paypal.HostedButtons({<!-- [et_pb_line_break_holder] -->    hostedButtonId: \"X6C5MFSYVEMQL\",<!-- [et_pb_line_break_holder] -->  }).render(\"#paypal-container-X6C5MFSYVEMQL\")<!-- [et_pb_line_break_holder] --><\/script<!-- [et_pb_line_break_holder] -->[\/et_pb_code][\/et_pb_column][\/et_pb_row][\/et_pb_section]<\/p>\n","protected":false},"excerpt":{"rendered":"<p>Explore the Beauty of Nature Through My Lens!\u00a1Explora la belleza de la naturaleza a trav\u00e9s de mi lente!I&#8217;m excited to share my collection of stunning photographs featuring the breathtaking beauty of nature and the incredible places I\u2019ve had the privilege to visit. Through my photos, I aim to capture the essence of every moment, from [&hellip;]<\/p>\n","protected":false},"author":1,"featured_media":0,"parent":0,"menu_order":0,"comment_status":"closed","ping_status":"closed","template":"","meta":{"_et_pb_use_builder":"on","_et_pb_old_content":"","_et_gb_content_width":"","footnotes":""},"class_list":["post-198","page","type-page","status-publish","hentry"],"_links":{"self":[{"href":"https:\/\/edilmaangel.com\/index.php?rest_route=\/wp\/v2\/pages\/198","targetHints":{"allow":["GET"]}}],"collection":[{"href":"https:\/\/edilmaangel.com\/index.php?rest_route=\/wp\/v2\/pages"}],"about":[{"href":"https:\/\/edilmaangel.com\/index.php?rest_route=\/wp\/v2\/types\/page"}],"author":[{"embeddable":true,"href":"https:\/\/edilmaangel.com\/index.php?rest_route=\/wp\/v2\/users\/1"}],"replies":[{"embeddable":true,"href":"https:\/\/edilmaangel.com\/index.php?rest_route=%2Fwp%2Fv2%2Fcomments&post=198"}],"version-history":[{"count":33,"href":"https:\/\/edilmaangel.com\/index.php?rest_route=\/wp\/v2\/pages\/198\/revisions"}],"predecessor-version":[{"id":724,"href":"https:\/\/edilmaangel.com\/index.php?rest_route=\/wp\/v2\/pages\/198\/revisions\/724"}],"wp:attachment":[{"href":"https:\/\/edilmaangel.com\/index.php?rest_route=%2Fwp%2Fv2%2Fmedia&parent=198"}],"curies":[{"name":"wp","href":"https:\/\/api.w.org\/{rel}","templated":true}]}}